{"id":10,"date":"2025-11-14T13:14:19","date_gmt":"2025-11-14T13:14:19","guid":{"rendered":"https:\/\/makrobilans.pl\/?page_id=10"},"modified":"2026-01-15T10:08:00","modified_gmt":"2026-01-15T10:08:00","slug":"o-nas","status":"publish","type":"page","link":"https:\/\/makrobilans.pl\/index.php\/o-nas\/","title":{"rendered":"O nas"},"content":{"rendered":"\t\t<div data-elementor-type=\"wp-page\" data-elementor-id=\"10\" class=\"elementor elementor-10\">\n\t\t\t\t<div class=\"elementor-element elementor-element-3a3c053 e-flex e-con-boxed e-con e-parent\" data-id=\"3a3c053\" data-element_type=\"container\" data-e-type=\"container\">\n\t\t\t\t\t<div class=\"e-con-inner\">\n\t\t\t\t<div class=\"elementor-element elementor-element-c58d8a6 elementor-widget elementor-widget-heading\" data-id=\"c58d8a6\" data-element_type=\"widget\" data-e-type=\"widget\" data-widget_type=\"heading.default\">\n\t\t\t\t\t<h2 class=\"elementor-heading-title elementor-size-default\">FIRMA AUDYTORSKA <\/h2>\t\t\t\t<\/div>\n\t\t\t\t\t<\/div>\n\t\t\t\t<\/div>\n\t\t<div class=\"elementor-element elementor-element-4e69a76 e-flex e-con-boxed e-con e-parent\" data-id=\"4e69a76\" data-element_type=\"container\" data-e-type=\"container\">\n\t\t\t\t\t<div class=\"e-con-inner\">\n\t\t<div class=\"elementor-element elementor-element-c5a0f49 e-con-full e-flex e-con e-child\" data-id=\"c5a0f49\" data-element_type=\"container\" data-e-type=\"container\">\n\t\t\t\t<div class=\"elementor-element elementor-element-66fa2f9 elementor-align-center elementor-widget elementor-widget-button\" data-id=\"66fa2f9\" data-element_type=\"widget\" data-e-type=\"widget\" data-widget_type=\"button.default\">\n\t\t\t\t\t\t\t\t\t\t<a class=\"elementor-button elementor-button-link elementor-size-sm\" href=\"#\">\n\t\t\t\t\t\t<span class=\"elementor-button-content-wrapper\">\n\t\t\t\t\t\t\t\t\t<span class=\"elementor-button-text\">OFERTA<\/span>\n\t\t\t\t\t<\/span>\n\t\t\t\t\t<\/a>\n\t\t\t\t\t\t\t\t<\/div>\n\t\t\t\t<\/div>\n\t\t<div class=\"elementor-element elementor-element-584249a e-con-full e-flex e-con e-child\" data-id=\"584249a\" data-element_type=\"container\" data-e-type=\"container\">\n\t\t\t\t<div class=\"elementor-element elementor-element-631875e elementor-align-center elementor-widget elementor-widget-button\" data-id=\"631875e\" data-element_type=\"widget\" data-e-type=\"widget\" data-widget_type=\"button.default\">\n\t\t\t\t\t\t\t\t\t\t<a class=\"elementor-button elementor-button-link elementor-size-sm\" href=\"#\">\n\t\t\t\t\t\t<span class=\"elementor-button-content-wrapper\">\n\t\t\t\t\t\t\t\t\t<span class=\"elementor-button-text\">INFOMRACJE O FIRMIE AUDYTORSKIEJ - BIEG\u0141Y REWIDENT<\/span>\n\t\t\t\t\t<\/span>\n\t\t\t\t\t<\/a>\n\t\t\t\t\t\t\t\t<\/div>\n\t\t\t\t<\/div>\n\t\t\t\t\t<\/div>\n\t\t\t\t<\/div>\n\t\t<div class=\"elementor-element elementor-element-626a274 e-flex e-con-boxed e-con e-parent\" data-id=\"626a274\" data-element_type=\"container\" data-e-type=\"container\">\n\t\t\t\t\t<div class=\"e-con-inner\">\n\t\t\t\t<div class=\"elementor-element elementor-element-ca8f8ed elementor-widget__width-initial elementor-widget elementor-widget-text-editor\" data-id=\"ca8f8ed\" data-element_type=\"widget\" data-e-type=\"widget\" data-widget_type=\"text-editor.default\">\n\t\t\t\t\t\t\t\t\t<p>Jeste\u015bmy firm\u0105 z wieloletni\u0105 tradycj\u0105, zarz\u0105dzan\u0105 przez do\u015bwiadczonych specjalist\u00f3w, kt\u00f3rzy zdobywali wiedz\u0119 i praktyk\u0119, wsp\u00f3\u0142pracuj\u0105c zar\u00f3wno z mi\u0119dzynarodowymi i lokalnymi przedsi\u0119biorstwami, jak i firmami rodzinnymi.<\/p><p class=\"has-text-align-center\">Doskonale rozumiemy potrzeby naszych klient\u00f3w i dostarczamy im skuteczne, dopasowane rozwi\u0105zania.<\/p><p class=\"has-text-align-center\">Nasz\u0105 misj\u0105 jest \u015bwiadczenie us\u0142ug na najwy\u017cszym poziomie.<\/p><p class=\"has-text-align-center\">Aktywnie wspieramy rozw\u00f3j naszych klient\u00f3w, oferuj\u0105c znacznie wi\u0119cej ni\u017c tylko obs\u0142ug\u0119 jako bieg\u0142y rewident czy obs\u0142ug\u0119 ksi\u0119gow\u0105 czy kadrow\u0105.<\/p><p class=\"has-text-align-center\">Zapewniamy kompleksow\u0105 obs\u0142ug\u0119 zar\u00f3wno dla sp\u00f3\u0142ek prawa handlowego jak i os\u00f3b prowadz\u0105cych dzia\u0142alno\u015b\u0107 gospodarcz\u0105.<\/p>\t\t\t\t\t\t\t\t<\/div>\n\t\t\t\t<div class=\"elementor-element elementor-element-cadb640 elementor-view-default elementor-widget elementor-widget-icon\" data-id=\"cadb640\" data-element_type=\"widget\" data-e-type=\"widget\" data-widget_type=\"icon.default\">\n\t\t\t\t\t\t\t<div class=\"elementor-icon-wrapper\">\n\t\t\t<div class=\"elementor-icon\">\n\t\t\t<svg aria-hidden=\"true\" class=\"e-font-icon-svg e-far-handshake\" viewBox=\"0 0 640 512\" xmlns=\"http:\/\/www.w3.org\/2000\/svg\"><path d=\"M519.2 127.9l-47.6-47.6A56.252 56.252 0 0 0 432 64H205.2c-14.8 0-29.1 5.9-39.6 16.3L118 127.9H0v255.7h64c17.6 0 31.8-14.2 31.9-31.7h9.1l84.6 76.4c30.9 25.1 73.8 25.7 105.6 3.8 12.5 10.8 26 15.9 41.1 15.9 18.2 0 35.3-7.4 48.8-24 22.1 8.7 48.2 2.6 64-16.8l26.2-32.3c5.6-6.9 9.1-14.8 10.9-23h57.9c.1 17.5 14.4 31.7 31.9 31.7h64V127.9H519.2zM48 351.6c-8.8 0-16-7.2-16-16s7.2-16 16-16 16 7.2 16 16c0 8.9-7.2 16-16 16zm390-6.9l-26.1 32.2c-2.8 3.4-7.8 4-11.3 1.2l-23.9-19.4-30 36.5c-6 7.3-15 4.8-18 2.4l-36.8-31.5-15.6 19.2c-13.9 17.1-39.2 19.7-55.3 6.6l-97.3-88H96V175.8h41.9l61.7-61.6c2-.8 3.7-1.5 5.7-2.3H262l-38.7 35.5c-29.4 26.9-31.1 72.3-4.4 101.3 14.8 16.2 61.2 41.2 101.5 4.4l8.2-7.5 108.2 87.8c3.4 2.8 3.9 7.9 1.2 11.3zm106-40.8h-69.2c-2.3-2.8-4.9-5.4-7.7-7.7l-102.7-83.4 12.5-11.4c6.5-6 7-16.1 1-22.6L367 167.1c-6-6.5-16.1-6.9-22.6-1l-55.2 50.6c-9.5 8.7-25.7 9.4-34.6 0-9.3-9.9-8.5-25.1 1.2-33.9l65.6-60.1c7.4-6.8 17-10.5 27-10.5l83.7-.2c2.1 0 4.1.8 5.5 2.3l61.7 61.6H544v128zm48 47.7c-8.8 0-16-7.2-16-16s7.2-16 16-16 16 7.2 16 16c0 8.9-7.2 16-16 16z\"><\/path><\/svg>\t\t\t<\/div>\n\t\t<\/div>\n\t\t\t\t\t\t<\/div>\n\t\t\t\t\t<\/div>\n\t\t\t\t<\/div>\n\t\t\t\t<\/div>\n\t\t","protected":false},"excerpt":{"rendered":"<p>FIRMA AUDYTORSKA OFERTA INFOMRACJE O FIRMIE AUDYTORSKIEJ &#8211; BIEG\u0141Y REWIDENT Jeste\u015bmy firm\u0105 z wieloletni\u0105 tradycj\u0105, zarz\u0105dzan\u0105 przez do\u015bwiadczonych specjalist\u00f3w, kt\u00f3rzy zdobywali wiedz\u0119 i praktyk\u0119, wsp\u00f3\u0142pracuj\u0105c zar\u00f3wno z mi\u0119dzynarodowymi i lokalnymi przedsi\u0119biorstwami, jak i firmami rodzinnymi. Doskonale rozumiemy potrzeby naszych klient\u00f3w i dostarczamy im skuteczne, dopasowane rozwi\u0105zania. Nasz\u0105 misj\u0105 jest \u015bwiadczenie us\u0142ug na najwy\u017cszym poziomie. Aktywnie&hellip;&nbsp;<\/p>\n","protected":false},"author":1,"featured_media":0,"parent":0,"menu_order":0,"comment_status":"closed","ping_status":"closed","template":"","meta":{"neve_meta_sidebar":"","neve_meta_container":"","neve_meta_enable_content_width":"","neve_meta_content_width":0,"neve_meta_title_alignment":"","neve_meta_author_avatar":"","neve_post_elements_order":"","neve_meta_disable_header":"","neve_meta_disable_footer":"","neve_meta_disable_title":"","footnotes":""},"class_list":["post-10","page","type-page","status-publish","hentry"],"_links":{"self":[{"href":"https:\/\/makrobilans.pl\/index.php\/wp-json\/wp\/v2\/pages\/10","targetHints":{"allow":["GET"]}}],"collection":[{"href":"https:\/\/makrobilans.pl\/index.php\/wp-json\/wp\/v2\/pages"}],"about":[{"href":"https:\/\/makrobilans.pl\/index.php\/wp-json\/wp\/v2\/types\/page"}],"author":[{"embeddable":true,"href":"https:\/\/makrobilans.pl\/index.php\/wp-json\/wp\/v2\/users\/1"}],"replies":[{"embeddable":true,"href":"https:\/\/makrobilans.pl\/index.php\/wp-json\/wp\/v2\/comments?post=10"}],"version-history":[{"count":8,"href":"https:\/\/makrobilans.pl\/index.php\/wp-json\/wp\/v2\/pages\/10\/revisions"}],"predecessor-version":[{"id":74,"href":"https:\/\/makrobilans.pl\/index.php\/wp-json\/wp\/v2\/pages\/10\/revisions\/74"}],"wp:attachment":[{"href":"https:\/\/makrobilans.pl\/index.php\/wp-json\/wp\/v2\/media?parent=10"}],"curies":[{"name":"wp","href":"https:\/\/api.w.org\/{rel}","templated":true}]}}