{"id":13,"date":"2025-11-14T10:40:09","date_gmt":"2025-11-14T10:40:09","guid":{"rendered":"https:\/\/makrobilans.pl\/?page_id=13"},"modified":"2026-01-15T13:36:18","modified_gmt":"2026-01-15T13:36:18","slug":"strona-domowa","status":"publish","type":"page","link":"https:\/\/makrobilans.pl\/","title":{"rendered":"Strona domowa"},"content":{"rendered":"\t\t<div data-elementor-type=\"wp-page\" data-elementor-id=\"13\" class=\"elementor elementor-13\">\n\t\t\t\t<div class=\"elementor-element elementor-element-9c7440a e-flex e-con-boxed e-con e-parent\" data-id=\"9c7440a\" data-element_type=\"container\" data-e-type=\"container\">\n\t\t\t\t\t<div class=\"e-con-inner\">\n\t\t\t\t<div class=\"elementor-element elementor-element-3b9f1da elementor-widget elementor-widget-text-editor\" data-id=\"3b9f1da\" data-element_type=\"widget\" data-e-type=\"widget\" data-widget_type=\"text-editor.default\">\n\t\t\t\t\t\t\t\t\t<h3>\u00a0<\/h3><h3>\u00a0<\/h3><h3><strong>MAKRO-BILANS BIURO US\u0141UG FINANSOWO-KSI\u0118GOWYCH SP\u00d3\u0141KA Z OGRANICZON\u0104 ODPOWIEDZIALNO\u015aCI\u0104<\/strong><\/h3><div><strong>FIRMA AUDYTORSKA<\/strong><\/div><div><p>&#8222;<i>Cierpliwo\u015b\u0107, wytrwa\u0142o\u015b\u0107 i pot tworz\u0105 niepokonan\u0105<br \/>kombinacj\u0119 sukcesu<\/i>.&#8221; Napoleon Bonaparte<\/p><\/div>\t\t\t\t\t\t\t\t<\/div>\n\t\t\t\t\t<\/div>\n\t\t\t\t<\/div>\n\t\t<div class=\"elementor-element elementor-element-4cfdc503 e-con-full e-flex e-con e-parent\" data-id=\"4cfdc503\" data-element_type=\"container\" data-e-type=\"container\">\n\t\t\t\t<div class=\"elementor-element elementor-element-4b9a10c7 elementor-widget elementor-widget-text-editor\" data-id=\"4b9a10c7\" data-element_type=\"widget\" data-e-type=\"widget\" data-widget_type=\"text-editor.default\">\n\t\t\t\t\t\t\t\t\t<div class=\"wp-block-cover alignfull is-light\"><div class=\"wp-block-cover__inner-container\"><div class=\"wp-block-group alignwide\"><div class=\"wp-block-media-text alignwide has-media-on-the-right is-stacked-on-mobile is-vertically-aligned-center\"><div class=\"wp-block-media-text__content\"><p><img decoding=\"async\" class=\"wp-image-136\" src=\"https:\/\/makrobilans.pl\/wp-content\/themes\/astra\/inc\/assets\/images\/starter-content\/blog.svg\" alt=\"\" \/><\/p><\/div><\/div><\/div><\/div><\/div><div class=\"wp-block-group alignfull has-ast-global-color-5-background-color has-background\"><div class=\"wp-block-columns are-vertically-aligned-top\"><div class=\"wp-block-column is-vertically-aligned-top\"><h3 class=\"wp-block-heading has-text-align-left\">KONTAKT<\/h3><p class=\"has-text-align-left\">TELEFON:<br \/>+48 693108415<\/p><p>E-MAIL: makrobil@wp.pl<\/p><\/div><div class=\"wp-block-column is-vertically-aligned-top\"><figure class=\"wp-block-image size-large\"><img decoding=\"async\" class=\"wp-image-137\" src=\"https:\/\/makrobilans.pl\/wp-content\/themes\/astra\/inc\/assets\/images\/starter-content\/portfolio.svg\" alt=\"\" \/><\/figure><h3 class=\"wp-block-heading has-text-align-left\">INFORMACJE<\/h3><p class=\"has-text-align-left\">MAKRO-BILANS BIURO US\u0141UG FINANSOWO-KSI\u0118GOWYCH SP\u00d3\u0141KA Z OGRANICZON\u0104 ODPOWIEDZIALNO\u015aCI\u0104<\/p><h4 class=\"wp-block-heading\">Adres rejestrowy:<\/h4><p>CYRANOWSKA 25<br \/>39-300\u00a0MIELEC<\/p><h4 class=\"wp-block-heading\">NIP: 8171006226<\/h4><h4 class=\"wp-block-heading\">KRS: 0000198808<\/h4><h4 class=\"wp-block-heading\">REGON: 690342559<\/h4><h4 class=\"wp-block-heading\">Kapita\u0142 zak\u0142adowy: 5 000\u00a0z\u0142<\/h4><\/div><\/div><\/div><div id=\"reviews\" class=\"wp-block-group alignfull has-ast-global-color-4-background-color has-background\"><p class=\"has-text-align-center\">\u00a0<\/p><\/div><div id=\"whyus\" class=\"wp-block-group alignfull\"><h2 class=\"wp-block-heading\">Czemu wybra\u0107 nas<\/h2><div class=\"wp-block-columns\"><div class=\"wp-block-column\"><figure class=\"wp-block-image size-large\"><img decoding=\"async\" class=\"wp-image-162\" src=\"https:\/\/makrobilans.pl\/wp-content\/themes\/astra\/inc\/assets\/images\/starter-content\/passionate.svg\" alt=\"\" \/><\/figure><h3 class=\"wp-block-heading\">Pasja<\/h3><\/div><div class=\"wp-block-column\"><figure class=\"wp-block-image size-large\"><img decoding=\"async\" class=\"wp-image-163\" src=\"https:\/\/makrobilans.pl\/wp-content\/themes\/astra\/inc\/assets\/images\/starter-content\/professional.svg\" alt=\"\" \/><\/figure><h3 class=\"wp-block-heading\">Profesjonalizm<\/h3><\/div><div class=\"wp-block-column\"><figure class=\"wp-block-image size-large\"><img decoding=\"async\" class=\"wp-image-164\" src=\"https:\/\/makrobilans.pl\/wp-content\/themes\/astra\/inc\/assets\/images\/starter-content\/support.svg\" alt=\"\" \/><\/figure><h3 class=\"wp-block-heading\">Wspracie<\/h3><\/div><\/div><\/div>\t\t\t\t\t\t\t\t<\/div>\n\t\t\t\t<div class=\"elementor-element elementor-element-2c53b8b elementor-align-center elementor-widget elementor-widget-button\" data-id=\"2c53b8b\" data-element_type=\"widget\" data-e-type=\"widget\" data-widget_type=\"button.default\">\n\t\t\t\t\t\t\t\t\t\t<a class=\"elementor-button elementor-button-link elementor-size-sm\" href=\"#\">\n\t\t\t\t\t\t<span class=\"elementor-button-content-wrapper\">\n\t\t\t\t\t\t\t\t\t<span class=\"elementor-button-text\">OFERTA<\/span>\n\t\t\t\t\t<\/span>\n\t\t\t\t\t<\/a>\n\t\t\t\t\t\t\t\t<\/div>\n\t\t\t\t<\/div>\n\t\t\t\t<\/div>\n\t\t","protected":false},"excerpt":{"rendered":"<p>\u00a0 \u00a0 MAKRO-BILANS BIURO US\u0141UG FINANSOWO-KSI\u0118GOWYCH SP\u00d3\u0141KA Z OGRANICZON\u0104 ODPOWIEDZIALNO\u015aCI\u0104 FIRMA AUDYTORSKA &#8222;Cierpliwo\u015b\u0107, wytrwa\u0142o\u015b\u0107 i pot tworz\u0105 niepokonan\u0105kombinacj\u0119 sukcesu.&#8221; Napoleon Bonaparte KONTAKT TELEFON:+48 693108415 E-MAIL: makrobil@wp.pl INFORMACJE MAKRO-BILANS BIURO US\u0141UG FINANSOWO-KSI\u0118GOWYCH SP\u00d3\u0141KA Z OGRANICZON\u0104 ODPOWIEDZIALNO\u015aCI\u0104 Adres rejestrowy: CYRANOWSKA 2539-300\u00a0MIELEC NIP: 8171006226 KRS: 0000198808 REGON: 690342559 Kapita\u0142 zak\u0142adowy: 5 000\u00a0z\u0142 \u00a0 Czemu wybra\u0107 nas Pasja Profesjonalizm&hellip;&nbsp;<\/p>\n","protected":false},"author":1,"featured_media":0,"parent":0,"menu_order":0,"comment_status":"closed","ping_status":"closed","template":"","meta":{"neve_meta_sidebar":"","neve_meta_container":"","neve_meta_enable_content_width":"","neve_meta_content_width":0,"neve_meta_title_alignment":"","neve_meta_author_avatar":"","neve_post_elements_order":"","neve_meta_disable_header":"","neve_meta_disable_footer":"","neve_meta_disable_title":"","footnotes":""},"class_list":["post-13","page","type-page","status-publish","hentry"],"_links":{"self":[{"href":"https:\/\/makrobilans.pl\/index.php\/wp-json\/wp\/v2\/pages\/13","targetHints":{"allow":["GET"]}}],"collection":[{"href":"https:\/\/makrobilans.pl\/index.php\/wp-json\/wp\/v2\/pages"}],"about":[{"href":"https:\/\/makrobilans.pl\/index.php\/wp-json\/wp\/v2\/types\/page"}],"author":[{"embeddable":true,"href":"https:\/\/makrobilans.pl\/index.php\/wp-json\/wp\/v2\/users\/1"}],"replies":[{"embeddable":true,"href":"https:\/\/makrobilans.pl\/index.php\/wp-json\/wp\/v2\/comments?post=13"}],"version-history":[{"count":31,"href":"https:\/\/makrobilans.pl\/index.php\/wp-json\/wp\/v2\/pages\/13\/revisions"}],"predecessor-version":[{"id":151,"href":"https:\/\/makrobilans.pl\/index.php\/wp-json\/wp\/v2\/pages\/13\/revisions\/151"}],"wp:attachment":[{"href":"https:\/\/makrobilans.pl\/index.php\/wp-json\/wp\/v2\/media?parent=13"}],"curies":[{"name":"wp","href":"https:\/\/api.w.org\/{rel}","templated":true}]}}