{"id":3,"date":"2025-11-14T11:32:36","date_gmt":"2025-11-14T11:32:36","guid":{"rendered":"http:\/\/makrobilans.pl\/?page_id=3"},"modified":"2026-01-15T10:17:54","modified_gmt":"2026-01-15T10:17:54","slug":"privacy-policy","status":"publish","type":"page","link":"https:\/\/makrobilans.pl\/index.php\/privacy-policy\/","title":{"rendered":"Oferta"},"content":{"rendered":"\t\t<div data-elementor-type=\"wp-page\" data-elementor-id=\"3\" class=\"elementor elementor-3\">\n\t\t\t\t<div class=\"elementor-element elementor-element-333a61e9 e-flex e-con-boxed e-con e-parent\" data-id=\"333a61e9\" data-element_type=\"container\" data-e-type=\"container\">\n\t\t\t\t\t<div class=\"e-con-inner\">\n\t\t\t\t<div class=\"elementor-element elementor-element-749bc9c9 elementor-widget elementor-widget-text-editor\" data-id=\"749bc9c9\" data-element_type=\"widget\" data-e-type=\"widget\" data-widget_type=\"text-editor.default\">\n\t\t\t\t\t\t\t\t\t<header class=\"post-header\"><span style=\"font-size: 1.5em; font-weight: bold;\">Badanie i Przegl\u0105dy<\/span><\/header><div class=\"post-content\"><div class=\"wp-block-columns alignwide is-layout-flex wp-container-core-columns-is-layout-28f84493 wp-block-columns-is-layout-flex\"><div class=\"wp-block-column is-layout-flow wp-block-column-is-layout-flow\"><h3 class=\"wp-block-heading\">Sprawozda\u0144 Finansowych<\/h3><p class=\"has-text-align-center has-small-font-size\">Audyt<\/p><p class=\"has-text-align-center has-small-font-size\">Weryfikacja jednostkowych i skonsolidowanych sprawozda\u0144 finansowych sporz\u0105dzonych zgodnie z Ustaw\u0105 o rachunkowo\u015bci oraz Mi\u0119dzynarodowymi Standardami Sprawozdawczo\u015bci Finansowej (MSSF)<\/p><p class=\"has-text-align-center has-small-font-size\">Analiza plan\u00f3w dotycz\u0105cych \u0142\u0105czenia, podzia\u0142u i przekszta\u0142ce\u0144 sp\u00f3\u0142ek<\/p><p class=\"has-text-align-center has-small-font-size\">Ocena sprawozda\u0144 za\u0142o\u017cycieli sp\u00f3\u0142ek akcyjnych<\/p><p class=\"has-text-align-center has-small-font-size\">Badanie pakiet\u00f3w raportowych przygotowywanych zgodnie z MSSF, US GAAP lub wewn\u0119trznymi zasadami rachunkowo\u015bci grup kapita\u0142owych<\/p><p class=\"has-text-align-center has-small-font-size\">Przegl\u0105dy realizowane w oparciu o uzgodnione procedury (AUP \u2013 Agreed Upon Procedures)<\/p><p class=\"has-text-align-center has-small-font-size\">Weryfikacja rozlicze\u0144 projekt\u00f3w finansowanych ze \u015brodk\u00f3w unijnych, dotacji oraz grant\u00f3w<\/p><p class=\"has-text-align-center has-small-font-size\">\u015awiadczenie innych us\u0142ug atestacyjnych zgodnych z przepisami i potrzebami klienta<\/p><figure class=\"wp-block-image size-full\"><\/figure><h3 class=\"wp-block-heading\">Sporz\u0105dzanie sprawozda\u0144 finansowych oraz pakiet\u00f3w konsolidacyjnych<\/h3><p class=\"has-text-align-center has-small-font-size\">Przygotowywanie sprawozda\u0144 finansowych oraz pakiet\u00f3w konsolidacyjnych<\/p><p class=\"has-text-align-center has-small-font-size\">Tworzenie i wdra\u017canie zasad (polityk) rachunkowo\u015bci<\/p><p class=\"has-text-align-center has-small-font-size\">Wsparcie przy sporz\u0105dzaniu sprawozda\u0144 finansowych \u2013 w tym ocena zakresu wymaganych ujawnie\u0144, ich opracowanie oraz doradztwo techniczne<\/p><p class=\"has-text-align-center has-small-font-size\">Pomoc przy opracowywaniu pakiet\u00f3w raportowych dla sp\u00f3\u0142ki dominuj\u0105cej i grupy kapita\u0142owej<\/p><p class=\"has-medium-font-size\">\u00a0<\/p><\/div><div class=\"wp-block-column is-layout-flow wp-block-column-is-layout-flow\"><figure class=\"wp-block-image size-full\"><\/figure><h3 class=\"wp-block-heading\">Doradztwo finansowo-ksi\u0119gowe<\/h3><p class=\"has-text-align-center has-small-font-size\">Sporz\u0105dzanie analiz oraz opinii w zakresie zagadnie\u0144 ekonomiczno-finansowych<\/p><p class=\"has-text-align-center has-small-font-size\">Doradztwo przy projektowaniu system\u00f3w ewidencji ksi\u0119gowej i raportowania finansowego<\/p><p class=\"has-text-align-center has-small-font-size\">Opracowywanie zak\u0142adowych plan\u00f3w kont oraz zasad polityki rachunkowo\u015bci<\/p><p class=\"has-text-align-center has-small-font-size\">Wsparcie ksi\u0119gowe w procesie wdra\u017cania Mi\u0119dzynarodowych Standard\u00f3w Sprawozdawczo\u015bci Finansowej (MSSF)<\/p><p class=\"has-text-align-center has-small-font-size\">Konsultacje w zakresie sprawozdawczo\u015bci finansowej, stosowania zasad rachunkowo\u015bci i system\u00f3w kontroli wewn\u0119trznej<\/p><\/div><\/div><div class=\"wp-block-columns alignwide is-layout-flex wp-container-core-columns-is-layout-28f84493 wp-block-columns-is-layout-flex\"><div class=\"wp-block-column is-layout-flow wp-block-column-is-layout-flow\"><figure class=\"wp-block-image size-full\"><\/figure><h3 class=\"wp-block-heading\">Us\u0142ugi doradztwa transakcyjnego<\/h3><p class=\"has-text-align-center has-small-font-size\">Podatkowa i finansowa analiza due diligence na rzecz nabywcy<\/p><p class=\"has-text-align-center has-small-font-size\">Przegl\u0105d oraz ocena NOI (Net Operating Income) dla nieruchomo\u015bci inwestycyjnych \u2013 due diligence dla firm z bran\u017cy nieruchomo\u015bciowej, obejmuj\u0105ce analiz\u0119, weryfikacj\u0119 i estymacj\u0119 przychod\u00f3w operacyjnych netto<\/p><p class=\"has-text-align-center has-small-font-size\">Vendor due diligence \u2013 przegl\u0105d podatkowo-finansowy przygotowywany na potrzeby sprzedaj\u0105cego<\/p><p class=\"has-text-align-center has-small-font-size\">Wycena firm (pojedynczych sp\u00f3\u0142ek, grup kapita\u0142owych lub wydzielonych jednostek biznesowych) \u2013 niezale\u017cne okre\u015blenie warto\u015bci godziwej do cel\u00f3w transakcyjnych, zarz\u0105dczych, sprawozdawczych, podatkowych lub na potrzeby instytucji finansuj\u0105cych<\/p><p class=\"has-text-align-center has-small-font-size\">Doradztwo i wsparcie w procesach zwi\u0105zanych z wej\u015bciem sp\u00f3\u0142ki na gie\u0142d\u0119 (IPO)<\/p><p class=\"has-small-font-size\">\u00a0<\/p><\/div><div class=\"wp-block-column is-layout-flow wp-block-column-is-layout-flow\"><figure class=\"wp-block-image size-full\"><\/figure><h3 class=\"wp-block-heading\">Ksi\u0119gowo\u015b\u0107 oraz Kadry i p\u0142ace<\/h3><p class=\"has-text-align-center has-small-font-size\"><strong>Pe\u0142na ksi\u0119gowo\u015b\u0107 (ksi\u0119gi rachunkowe)<\/strong><\/p><p class=\"has-text-align-center has-small-font-size\"><strong>Uproszczona ksi\u0119gowo\u015b\u0107\u00a0(Ksi\u0119ga przychod\u00f3w i rozchod\u00f3w)<\/strong><\/p><p class=\"has-text-align-center has-small-font-size\"><strong>Kadry i p\u0142ace<\/strong><\/p><\/div><\/div><\/div>\t\t\t\t\t\t\t\t<\/div>\n\t\t\t\t\t<\/div>\n\t\t\t\t<\/div>\n\t\t<div class=\"elementor-element elementor-element-d2752bd e-flex e-con-boxed e-con e-parent\" data-id=\"d2752bd\" data-element_type=\"container\" data-e-type=\"container\">\n\t\t\t\t\t<div class=\"e-con-inner\">\n\t\t\t\t<div class=\"elementor-element elementor-element-497241d elementor-view-default elementor-widget elementor-widget-icon\" data-id=\"497241d\" data-element_type=\"widget\" data-e-type=\"widget\" data-widget_type=\"icon.default\">\n\t\t\t\t\t\t\t<div class=\"elementor-icon-wrapper\">\n\t\t\t<div class=\"elementor-icon\">\n\t\t\t<svg aria-hidden=\"true\" class=\"e-font-icon-svg e-fas-stamp\" viewBox=\"0 0 512 512\" xmlns=\"http:\/\/www.w3.org\/2000\/svg\"><path d=\"M32 512h448v-64H32v64zm384-256h-66.56c-16.26 0-29.44-13.18-29.44-29.44v-9.46c0-27.37 8.88-53.41 21.46-77.72 9.11-17.61 12.9-38.39 9.05-60.42-6.77-38.78-38.47-70.7-77.26-77.45C212.62-9.04 160 37.33 160 96c0 14.16 3.12 27.54 8.69 39.58C182.02 164.43 192 194.7 192 226.49v.07c0 16.26-13.18 29.44-29.44 29.44H96c-53.02 0-96 42.98-96 96v32c0 17.67 14.33 32 32 32h448c17.67 0 32-14.33 32-32v-32c0-53.02-42.98-96-96-96z\"><\/path><\/svg>\t\t\t<\/div>\n\t\t<\/div>\n\t\t\t\t\t\t<\/div>\n\t\t\t\t\t<\/div>\n\t\t\t\t<\/div>\n\t\t\t\t<\/div>\n\t\t","protected":false},"excerpt":{"rendered":"<p>Badanie i Przegl\u0105dy Sprawozda\u0144 Finansowych Audyt Weryfikacja jednostkowych i skonsolidowanych sprawozda\u0144 finansowych sporz\u0105dzonych zgodnie z Ustaw\u0105 o rachunkowo\u015bci oraz Mi\u0119dzynarodowymi Standardami Sprawozdawczo\u015bci Finansowej (MSSF) Analiza plan\u00f3w dotycz\u0105cych \u0142\u0105czenia, podzia\u0142u i przekszta\u0142ce\u0144 sp\u00f3\u0142ek Ocena sprawozda\u0144 za\u0142o\u017cycieli sp\u00f3\u0142ek akcyjnych Badanie pakiet\u00f3w raportowych przygotowywanych zgodnie z MSSF, US GAAP lub wewn\u0119trznymi zasadami rachunkowo\u015bci grup kapita\u0142owych Przegl\u0105dy realizowane w&hellip;&nbsp;<\/p>\n","protected":false},"author":1,"featured_media":0,"parent":0,"menu_order":0,"comment_status":"closed","ping_status":"open","template":"","meta":{"neve_meta_sidebar":"","neve_meta_container":"","neve_meta_enable_content_width":"","neve_meta_content_width":0,"neve_meta_title_alignment":"","neve_meta_author_avatar":"","neve_post_elements_order":"","neve_meta_disable_header":"","neve_meta_disable_footer":"","neve_meta_disable_title":"","footnotes":""},"class_list":["post-3","page","type-page","status-publish","hentry"],"_links":{"self":[{"href":"https:\/\/makrobilans.pl\/index.php\/wp-json\/wp\/v2\/pages\/3","targetHints":{"allow":["GET"]}}],"collection":[{"href":"https:\/\/makrobilans.pl\/index.php\/wp-json\/wp\/v2\/pages"}],"about":[{"href":"https:\/\/makrobilans.pl\/index.php\/wp-json\/wp\/v2\/types\/page"}],"author":[{"embeddable":true,"href":"https:\/\/makrobilans.pl\/index.php\/wp-json\/wp\/v2\/users\/1"}],"replies":[{"embeddable":true,"href":"https:\/\/makrobilans.pl\/index.php\/wp-json\/wp\/v2\/comments?post=3"}],"version-history":[{"count":14,"href":"https:\/\/makrobilans.pl\/index.php\/wp-json\/wp\/v2\/pages\/3\/revisions"}],"predecessor-version":[{"id":87,"href":"https:\/\/makrobilans.pl\/index.php\/wp-json\/wp\/v2\/pages\/3\/revisions\/87"}],"wp:attachment":[{"href":"https:\/\/makrobilans.pl\/index.php\/wp-json\/wp\/v2\/media?parent=3"}],"curies":[{"name":"wp","href":"https:\/\/api.w.org\/{rel}","templated":true}]}}